{"id":101,"date":"2023-09-12T15:50:50","date_gmt":"2023-09-12T13:50:50","guid":{"rendered":"https:\/\/www.visionthinx.de\/?page_id=101"},"modified":"2023-09-12T15:50:50","modified_gmt":"2023-09-12T13:50:50","slug":"blog-2","status":"publish","type":"page","link":"https:\/\/visionthinx.de\/?page_id=101","title":{"rendered":"Blog"},"content":{"rendered":"\n<div class=\"wp-block-query is-layout-flow wp-block-query-is-layout-flow\"><ul class=\"wp-block-post-template is-layout-flow wp-block-post-template-is-layout-flow\"><li class=\"wp-block-post post-792 post type-post status-publish format-standard hentry category-energie tag-energiewende tag-katherina-reiche\">\n<h2 class=\"wp-block-post-title\"><a href=\"https:\/\/visionthinx.de\/?p=792\" target=\"_self\" >F\u00fcr wen arbeitet eigentlich Katherina Reiche?<\/a><\/h2>\n\n\n\n<div class=\"wp-block-post-excerpt\"><p class=\"wp-block-post-excerpt__excerpt\">Klartext mit Lilly <\/p><\/div>\n\n\n<hr class=\"wp-block-separator has-css-opacity\"\/>\n\n\n<div class=\"wp-block-post-date\"><time datetime=\"2026-04-24T10:00:14+02:00\">2026-04-24<\/time><\/div>\n<\/li><li class=\"wp-block-post post-776 post type-post status-publish format-standard hentry category-ev tag-benzinpreis tag-e-auto tag-energie\">\n<h2 class=\"wp-block-post-title\"><a href=\"https:\/\/visionthinx.de\/?p=776\" target=\"_self\" >Der Elektrotrucker sagt (Youtube)<\/a><\/h2>\n\n\n\n<div class=\"wp-block-post-excerpt\"><p class=\"wp-block-post-excerpt__excerpt\"> <\/p><\/div>\n\n\n<hr class=\"wp-block-separator has-css-opacity\"\/>\n\n\n<div class=\"wp-block-post-date\"><time datetime=\"2026-03-15T18:28:27+01:00\">2026-03-15<\/time><\/div>\n<\/li><li class=\"wp-block-post post-751 post type-post status-publish format-standard hentry category-energie tag-energie\">\n<h2 class=\"wp-block-post-title\"><a href=\"https:\/\/visionthinx.de\/?p=751\" target=\"_self\" >Die Fossilen f\u00fchren Krieg &#8211; und der Benzinpreis dreht durch<\/a><\/h2>\n\n\n\n<div class=\"wp-block-post-excerpt\"><p class=\"wp-block-post-excerpt__excerpt\">Der fossile Herrscher der USA hat zusammen mit Israels Benjamin Netanjahu den Iran angegriffen. Jetzt traut sich kein Tanker mehr durch die Stra\u00dfe von Hormus wo 20% des \u00d6ls vorbei muss. Wer h\u00e4tte das gedacht? Trump anscheinend nicht. \u00d6l wird teurer. Karte: NordNordWest, Lizenz: Creative Commons by-sa-3.0 de, CC BY-SA 3.0 DE https:\/\/creativecommons.org\/licenses\/by-sa\/3.0\/de\/deed.en, via Wikimedia&hellip; <\/p><\/div>\n\n\n<hr class=\"wp-block-separator has-css-opacity\"\/>\n\n\n<div class=\"wp-block-post-date\"><time datetime=\"2026-03-10T13:31:04+01:00\">2026-03-10<\/time><\/div>\n<\/li><\/ul><\/div>\n","protected":false},"excerpt":{"rendered":"","protected":false},"author":1,"featured_media":0,"parent":0,"menu_order":10,"comment_status":"closed","ping_status":"closed","template":"","meta":{"footnotes":""},"class_list":["post-101","page","type-page","status-publish","hentry"],"_links":{"self":[{"href":"https:\/\/visionthinx.de\/index.php?rest_route=\/wp\/v2\/pages\/101","targetHints":{"allow":["GET"]}}],"collection":[{"href":"https:\/\/visionthinx.de\/index.php?rest_route=\/wp\/v2\/pages"}],"about":[{"href":"https:\/\/visionthinx.de\/index.php?rest_route=\/wp\/v2\/types\/page"}],"author":[{"embeddable":true,"href":"https:\/\/visionthinx.de\/index.php?rest_route=\/wp\/v2\/users\/1"}],"replies":[{"embeddable":true,"href":"https:\/\/visionthinx.de\/index.php?rest_route=%2Fwp%2Fv2%2Fcomments&post=101"}],"version-history":[{"count":0,"href":"https:\/\/visionthinx.de\/index.php?rest_route=\/wp\/v2\/pages\/101\/revisions"}],"wp:attachment":[{"href":"https:\/\/visionthinx.de\/index.php?rest_route=%2Fwp%2Fv2%2Fmedia&parent=101"}],"curies":[{"name":"wp","href":"https:\/\/api.w.org\/{rel}","templated":true}]}}